{"id":4346,"date":"2019-08-05T12:43:49","date_gmt":"2019-08-05T09:43:49","guid":{"rendered":"http:\/\/netisa.net\/en\/?page_id=4346"},"modified":"2026-03-18T11:54:10","modified_gmt":"2026-03-18T08:54:10","slug":"contact","status":"publish","type":"page","link":"https:\/\/www.netisa.net\/en\/contact\/","title":{"rendered":"Contact"},"content":{"rendered":"<section class=\"l-section wpb_row height_small\"><div class=\"l-section-h i-cf\"><div class=\"g-cols vc_row type_default valign_middle\"><div class=\"vc_col-sm-12 wpb_column vc_column_container animate_fade\" style=\"animation-delay:1s;\"><div class=\"vc_column-inner\"><div class=\"wpb_wrapper\"><div class=\"w-separator size_medium\"><\/div>[vc_custom_heading text=&#8221;with us&#8221; font_container=&#8221;tag:h5|font_size:26px|text_align:left|color:%230099a9&#8243; google_fonts=&#8221;font_family:Satisfy%3Aregular|font_style:400%20regular%3A400%3Anormal&#8221; css=&#8221;.vc_custom_1605814259617{margin-bottom: -10px !important;padding-bottom: 0px !important;}&#8221; el_class=&#8221;netisafont&#8221;][vc_custom_heading text=&#8221;get in touch&#8221; font_container=&#8221;tag:h1|font_size:45|text_align:left&#8221; google_fonts=&#8221;font_family:Raleway%3A100%2C200%2C300%2Cregular%2C500%2C600%2C700%2C800%2C900|font_style:400%20regular%3A400%3Anormal&#8221; css=&#8221;.vc_custom_1605814338129{margin-top: 0px !important;padding-top: 0px !important;}&#8221;]<\/div><\/div><\/div><\/div><\/div><\/section><section class=\"l-section wpb_row height_small\"><div class=\"l-section-h i-cf\" style=\"padding-bottom: 0px !important;\"><div class=\"g-cols vc_row type_default valign_middle\"><div class=\"vc_col-sm-6 wpb_column vc_column_container has-fill animate_afb\" style=\"animation-delay:0.5s;\"><div class=\"vc_column-inner  vc_custom_1567202481736\"><div class=\"wpb_wrapper\">\r\n\t<div class=\"wpb_text_column \">\r\n\t\t<div class=\"wpb_wrapper\">\r\n\t\t\t<h3 id=\"seed-csp4-headline\"><span style=\"color: #0099a9;\">Netisa A.\u015e<\/span><\/h3>\n\r\n\t\t<\/div>\r\n\t<\/div>\r\n<div class=\"w-separator size_medium\"><\/div><div class=\"w-iconbox iconpos_left style_default color_primary align_left no_text\"><div class=\"w-iconbox-icon\" style=\"font-size:26px;\"><i class=\"fas fa-location-arrow\"><\/i><\/div><div class=\"w-iconbox-meta\"><h6 class=\"w-iconbox-title\">K\u0131z\u0131l\u0131rmak Mah. 1450.Sok. Mekik Plaza No: 5\/3 06510 \u00c7ukurambar \/ ANKARA<\/h6><\/div><\/div><div class=\"w-separator size_medium\"><\/div><div class=\"w-iconbox iconpos_left style_default color_primary align_left no_text\"><div class=\"w-iconbox-icon\" style=\"font-size:26px;\"><i class=\"fas fa-phone\"><\/i><\/div><div class=\"w-iconbox-meta\"><h6 class=\"w-iconbox-title\">+90 (312) 287 45 46<\/h6><\/div><\/div><div class=\"w-separator size_medium\"><\/div><div class=\"w-iconbox iconpos_left style_default color_primary align_left no_text\"><div class=\"w-iconbox-icon\" style=\"font-size:26px;\"><i class=\"fas fa-fax\"><\/i><\/div><div class=\"w-iconbox-meta\"><h6 class=\"w-iconbox-title\">+90 (312) 287 45 64<\/h6><\/div><\/div><div class=\"w-separator size_medium\"><\/div><div class=\"w-iconbox iconpos_left style_default color_primary align_left no_text\"><div class=\"w-iconbox-icon\" style=\"font-size:26px;\"><i class=\"far fa-envelope\"><\/i><\/div><div class=\"w-iconbox-meta\"><h6 class=\"w-iconbox-title\">netisa@netisa.net<\/h6><\/div><\/div><\/div><\/div><\/div><div class=\"vc_col-sm-6 wpb_column vc_column_container has-fill animate_afb\" style=\"animation-delay:0.5s;\"><div class=\"vc_column-inner  vc_custom_1567202485835\"><div class=\"wpb_wrapper\">\r\n\t<div class=\"wpb_text_column  vc_custom_1605815231830\">\r\n\t\t<div class=\"wpb_wrapper\">\r\n\t\t\t<h4>Contact Form<\/h4>\n\r\n\t\t<\/div>\r\n\t<\/div>\r\n<div class=\"w-form for_cform us_form_1\">\r\n\t<form class=\"w-form-h\" autocomplete=\"off\" action=\"https:\/\/www.netisa.net\/en\/en\/wp-json\/wp\/v2\/pages\/4346\" method=\"post\">\r\n\t\t\t\t<div class=\"w-form-row for_text required with_icon\">\r\n\t\t<div class=\"w-form-row-field\">\r\n\t\t<i class=\"fas fa-user\"><\/i>\t\t<input type=\"text\" name=\"us_form_1_text_1\" aria-label=\"Name and surname\" value=\"\" placeholder=\"Name and surname *\" data-required=\"true\" aria-required=\"true\"\/>\r\n\t\t\t<\/div>\r\n\t\t<div class=\"w-form-row-state\">Fill out this field<\/div>\r\n<\/div>\r\n\t\t<div class=\"w-form-row for_text required with_icon\">\r\n\t\t<div class=\"w-form-row-field\">\r\n\t\t<i class=\"fas fa-phone\"><\/i>\t\t<input type=\"text\" name=\"us_form_1_text_2\" aria-label=\"Your telephone number\" value=\"\" placeholder=\"Your telephone number *\" data-required=\"true\" aria-required=\"true\"\/>\r\n\t\t\t<\/div>\r\n\t\t<div class=\"w-form-row-state\">Fill out this field<\/div>\r\n<\/div>\r\n\t\t<div class=\"w-form-row for_email required with_icon\">\r\n\t\t<div class=\"w-form-row-field\">\r\n\t\t<i class=\"fas fa-envelope\"><\/i>\t\t<input type=\"email\" name=\"us_form_1_email_1\" aria-label=\"E-Mail Address\" value=\"\" placeholder=\"E-Mail Address *\" data-required=\"true\" aria-required=\"true\"\/>\r\n\t\t\t<\/div>\r\n\t\t<div class=\"w-form-row-state\">Please enter a valid email address.<\/div>\r\n<\/div>\r\n\t\t<div class=\"w-form-row for_textarea required with_icon\">\r\n\t\t<div class=\"w-form-row-field\">\r\n\t\t<i class=\"fas fa-pencil\"><\/i>\t\t<textarea  name=\"us_form_1_textarea_1\" aria-label=\"Your message\" placeholder=\"Your message *\" data-required=\"true\" aria-required=\"true\"><\/textarea>\r\n\t\t\t<\/div>\r\n\t\t<div class=\"w-form-row-state\">Fill out this field<\/div>\r\n<\/div>\r\n\t\t<input type=\"hidden\" name=\"action\" value=\"us_ajax_cform\" \/>\r\n\t\t<input type=\"hidden\" name=\"post_id\" value=\"4346\" \/>\r\n\t\t<input type=\"hidden\" name=\"form_index\" value=\"1\" \/>\r\n\t\t<div class=\"w-form-row for_submit align_left\">\r\n\t<div class=\"w-form-row-field\">\r\n\t\t\t\t<button class=\"w-btn  us-btn-style_5\"  style=\"font-size:14px;\" type=\"submit\" aria-label=\"Send\">\r\n\t\t\t<span class=\"g-preloader type_1\"><\/span>\r\n\t\t\t\t\t\t<span class=\"w-btn-label\">Send<\/span>\r\n\t\t\t\t\t<\/button>\r\n\t<\/div>\r\n<\/div>\r\n\t\t\t\t<div class=\"w-form-message\"><\/div>\r\n\t\t\t<\/form>\r\n\t<div class=\"w-form-json hidden\" onclick='return {&quot;ajaxurl&quot;:&quot;https:\\\/\\\/www.netisa.net\\\/en\\\/wp-admin\\\/admin-ajax.php&quot;}'><\/div>\r\n<\/div><\/div><\/div><\/div><\/div><\/div><\/section><section class=\"l-section wpb_row height_small\" style=\"margin-bottom: 50px !important;\"><div class=\"l-section-h i-cf\" style=\"padding-top: 0px !important;\"><div class=\"g-cols vc_row type_default valign_top\"><div class=\"vc_col-sm-12 wpb_column vc_column_container has-fill animate_afb\" style=\"animation-delay:0.5s;\"><div class=\"vc_column-inner  vc_custom_1565122133956\"><div class=\"wpb_wrapper\">[vc_raw_html]JTNDaWZyYW1lJTIwc3JjJTNEJTIyaHR0cHMlM0ElMkYlMkZ3d3cuZ29vZ2xlLmNvbSUyRm1hcHMlMkZlbWJlZCUzRnBiJTNEJTIxMW0xOCUyMTFtMTIlMjExbTMlMjExZDMwNjAuODI3Mjc3NTg5MjgxNSUyMTJkMzIuODA5Nzg5NDc2NTExODI0JTIxM2QzOS45MDA0OTkyMzY4OTYzNCUyMTJtMyUyMTFmMCUyMTJmMCUyMTNmMCUyMTNtMiUyMTFpMTAyNCUyMTJpNzY4JTIxNGYxMy4xJTIxM20zJTIxMW0yJTIxMXMweDE0ZDM0ZjU0NDY4OWQ5YzklMjUzQTB4YzIzOWQzMzUzMzJkOTQzZCUyMTJzTmV0aXNhJTI1MjBNJTI1QzMlMjVCQ2hlbmRpc2xpayUyNTIwU2FuLiUyNTIwdmUlMjUyMFRpYy4lMjUyMEx0ZC4lMjUyMCUyNUM1JTI1OUV0aS4lMjE1ZTAlMjEzbTIlMjExc3RyJTIxMnN0ciUyMTR2MTczOTE3OTk2ODA0MSUyMTVtMiUyMTFzdHIlMjEyc3RyJTIyJTIwd2lkdGglM0QlMjIxMDAlMjUlMjIlMjBoZWlnaHQlM0QlMjI0NTAlMjIlMjBzdHlsZSUzRCUyMmJvcmRlciUzQTAlM0IlMjIlMjBhbGxvd2Z1bGxzY3JlZW4lM0QlMjIlMjIlMjBsb2FkaW5nJTNEJTIybGF6eSUyMiUyMHJlZmVycmVycG9saWN5JTNEJTIybm8tcmVmZXJyZXItd2hlbi1kb3duZ3JhZGUlMjIlM0UlM0MlMkZpZnJhbWUlM0U=[\/vc_raw_html]<\/div><\/div><\/div><\/div><\/div><\/section>\n","protected":false},"excerpt":{"rendered":"[vc_custom_heading text=\"with us\" font_container=\"tag:h5|font_size:26px|text_align:left|color:%230099a9\" google_fonts=\"font_family:Satisfy%3Aregular|font_style:400%20regular%3A400%3Anormal\" css=\".vc_custom_1605814259617{margin-bottom: -10px !important;padding-bottom: 0px !important;}\" el_class=\"netisafont\"][vc_custom_heading text=\"get in touch\" font_container=\"tag:h1|font_size:45|text_align:left\" google_fonts=\"font_family:Raleway%3A100%2C200%2C300%2Cregular%2C500%2C600%2C700%2C800%2C900|font_style:400%20regular%3A400%3Anormal\" css=\".vc_custom_1605814338129{margin-top: 0px !important;padding-top: 0px !important;}\"] Netisa A.\u015e K\u0131z\u0131l\u0131rmak Mah. 1450.Sok. Mekik Plaza No: 5\/3 06510 \u00c7ukurambar \/ ANKARA+90 (312) 287 45 46+90 (312) 287 45 64netisa@netisa.net Contact Form Fill out this field Fill out this field Please enter a...","protected":false},"author":1,"featured_media":0,"parent":0,"menu_order":0,"comment_status":"closed","ping_status":"closed","template":"","meta":{"footnotes":""},"class_list":["post-4346","page","type-page","status-publish","hentry"],"_links":{"self":[{"href":"https:\/\/www.netisa.net\/en\/wp-json\/wp\/v2\/pages\/4346","targetHints":{"allow":["GET"]}}],"collection":[{"href":"https:\/\/www.netisa.net\/en\/wp-json\/wp\/v2\/pages"}],"about":[{"href":"https:\/\/www.netisa.net\/en\/wp-json\/wp\/v2\/types\/page"}],"author":[{"embeddable":true,"href":"https:\/\/www.netisa.net\/en\/wp-json\/wp\/v2\/users\/1"}],"replies":[{"embeddable":true,"href":"https:\/\/www.netisa.net\/en\/wp-json\/wp\/v2\/comments?post=4346"}],"version-history":[{"count":90,"href":"https:\/\/www.netisa.net\/en\/wp-json\/wp\/v2\/pages\/4346\/revisions"}],"predecessor-version":[{"id":5797,"href":"https:\/\/www.netisa.net\/en\/wp-json\/wp\/v2\/pages\/4346\/revisions\/5797"}],"wp:attachment":[{"href":"https:\/\/www.netisa.net\/en\/wp-json\/wp\/v2\/media?parent=4346"}],"curies":[{"name":"wp","href":"https:\/\/api.w.org\/{rel}","templated":true}]}}